{"id":10546,"date":"2025-12-15T15:02:41","date_gmt":"2025-12-15T12:02:41","guid":{"rendered":"https:\/\/www.zynety.com\/?post_type=product&#038;p=10546"},"modified":"2026-03-27T14:28:40","modified_gmt":"2026-03-27T11:28:40","slug":"mega-derin-tencere-32cm","status":"publish","type":"product","link":"https:\/\/www.zynety.com\/?product=mega-derin-tencere-32cm","title":{"rendered":"MEGA DER\u0130N TENCERE 32CM"},"content":{"rendered":"","protected":false},"excerpt":{"rendered":"<p>_\u00d832cm. Yuvarlak, Mega Derin Tencere.<br \/>\n_3,00mm Al\u00fcminyum G\u00f6vde.<br \/>\n_304 P.\u00c7elik Kulp, AG2 Ala\u015f\u0131m Per\u00e7in.<br \/>\n_D\u00fcz Taban.<br \/>\n_\u0130\u00e7 Nonstick\/D\u0131\u015f Epoksi Kaplama.<br \/>\n_Temperli Cam Kapak.<\/p>\n","protected":false},"featured_media":10547,"comment_status":"open","ping_status":"closed","template":"","meta":[],"product_brand":[],"product_cat":[341,310,59,51],"product_tag":[],"class_list":{"0":"post-10546","1":"product","2":"type-product","3":"status-publish","4":"has-post-thumbnail","6":"product_cat-abm-mega-tencereler","7":"product_cat-altinbasak-abm-mutfak","8":"product_cat-pisirme-grubu","9":"product_cat-sofra","11":"first","12":"instock","13":"taxable","14":"shipping-taxable","15":"purchasable","16":"product-type-simple"},"_links":{"self":[{"href":"https:\/\/www.zynety.com\/index.php?rest_route=\/wp\/v2\/product\/10546","targetHints":{"allow":["GET"]}}],"collection":[{"href":"https:\/\/www.zynety.com\/index.php?rest_route=\/wp\/v2\/product"}],"about":[{"href":"https:\/\/www.zynety.com\/index.php?rest_route=\/wp\/v2\/types\/product"}],"replies":[{"embeddable":true,"href":"https:\/\/www.zynety.com\/index.php?rest_route=%2Fwp%2Fv2%2Fcomments&post=10546"}],"wp:featuredmedia":[{"embeddable":true,"href":"https:\/\/www.zynety.com\/index.php?rest_route=\/wp\/v2\/media\/10547"}],"wp:attachment":[{"href":"https:\/\/www.zynety.com\/index.php?rest_route=%2Fwp%2Fv2%2Fmedia&parent=10546"}],"wp:term":[{"taxonomy":"product_brand","embeddable":true,"href":"https:\/\/www.zynety.com\/index.php?rest_route=%2Fwp%2Fv2%2Fproduct_brand&post=10546"},{"taxonomy":"product_cat","embeddable":true,"href":"https:\/\/www.zynety.com\/index.php?rest_route=%2Fwp%2Fv2%2Fproduct_cat&post=10546"},{"taxonomy":"product_tag","embeddable":true,"href":"https:\/\/www.zynety.com\/index.php?rest_route=%2Fwp%2Fv2%2Fproduct_tag&post=10546"}],"curies":[{"name":"wp","href":"https:\/\/api.w.org\/{rel}","templated":true}]}}