{"id":1517,"date":"2025-07-14T17:32:45","date_gmt":"2025-07-14T14:32:45","guid":{"rendered":"https:\/\/www.zynety.com\/?post_type=product&#038;p=1517"},"modified":"2026-03-27T14:28:54","modified_gmt":"2026-03-27T11:28:54","slug":"lava-dokum-mini-oval-tencere-trendy-serisi-olcu-9x12cm-mor","status":"publish","type":"product","link":"https:\/\/www.zynety.com\/?product=lava-dokum-mini-oval-tencere-trendy-serisi-olcu-9x12cm-mor","title":{"rendered":"Lava D\u00f6k\u00fcm Mini Oval Tencere. Trendy Serisi \u00d6l\u00e7\u00fc 9x12cm. &#8211; Mor"},"content":{"rendered":"","protected":false},"excerpt":{"rendered":"<p>LAVA D\u00f6k\u00fcm Mini Trendy Oval Tencere\u2019niz ile tekli sunumlar, s\u0131n\u0131rs\u0131z kombinasyonlar! Her yemek tak\u0131m\u0131na uygun rengarenk LAVA Mini Tencereler ile isterseniz birbirinden yarat\u0131c\u0131 ba\u015flang\u0131\u00e7lar haz\u0131rlay\u0131n, isterseniz de \u00e7e\u015fitli bir tatl\u0131 men\u00fcs\u00fc ile misafirlerinizin damak zevkine hitap edin.<\/p>\n<p>LAVA ile pi\u015firme ocakta ba\u015flar f\u0131r\u0131nda biter. Uzun sure s\u0131ca\u011f\u0131 s\u0131cak, so\u011fu\u011fu so\u011fuk tutma \u00f6zelli\u011fi sayesinde sofrada ailenizle ve arkada\u015flar\u0131n\u0131zla bulu\u015fur. Is\u0131 kayb\u0131n\u0131n h\u0131zl\u0131 ya\u015fanabilece\u011fi a\u00e7\u0131k hava alanlar\u0131nda da dostunuzdur. LAVA\u2019n\u0131z\u0131 a\u00e7\u0131k ate\u015f dahil, mikrodalga d\u0131\u015f\u0131nda her pi\u015firme metodunda kullanabilirsiniz.<\/p>\n<p>Y\u00fcksek emaye kalitesi ve dayan\u0131kl\u0131l\u0131\u011f\u0131 sayesinde LAVA\u2019n\u0131z uzun y\u0131llar vazge\u00e7ilmeziniz olacak. Emaye teknolojisi sayesinde LAVA\u2019n\u0131z\u0131 g\u00f6n\u00fcl rahatl\u0131\u011f\u0131yla bula\u015f\u0131k makinesinde y\u0131kayabilirsiniz; ancak deterjanlardaki kimyasallardan ar\u0131nd\u0131rmak amac\u0131yla ek durulama yapmay\u0131 unutmay\u0131n\u0131z.<\/p>\n<p>LAVA ile pi\u015fen yemeklerin lezzeti, LAVA\u2019n\u0131n a\u011f\u0131rl\u0131\u011f\u0131nda gizli. Yenilik\u00e7i teknolojisi ve tasar\u0131m\u0131 ile tencereniz, \u0131s\u0131y\u0131 tutar ve e\u015fit bir \u015fekilde da\u011f\u0131t\u0131r. Bu sayede, geleneksel k\u0131s\u0131k ate\u015fte uzun s\u00fcreli pi\u015firme y\u00f6nteminde m\u00fckemmel sonu\u00e7 verir. Enerji tasarrufuna te\u015fvik eden LAVA\u2019n\u0131z, hem \u00e7evrenizin hem de cebinizin dostudur.<\/p>\n<p>LAVA tencerenizin kapa\u011f\u0131ndaki lezzet damlac\u0131klar\u0131, buharla\u015farak kaybolabilecek vitamin ve mineralleri, damlac\u0131klar halinde yeme\u011finize geri kazand\u0131r\u0131r. %100 geri d\u00f6n\u00fc\u015ft\u00fcr\u00fclebilir ve kansorejen i\u00e7ermeyen LAVA\u2019n\u0131z, sa\u011fl\u0131kl\u0131 ya\u015fam ve s\u00fcrd\u00fcr\u00fclebilir bir \u00e7evre i\u00e7in mutfa\u011f\u0131n\u0131zda atabilce\u011finiz bir ad\u0131md\u0131r.<\/p>\n","protected":false},"featured_media":1518,"comment_status":"open","ping_status":"closed","template":"","meta":[],"product_brand":[],"product_cat":[74,77,59,51],"product_tag":[],"class_list":{"0":"post-1517","1":"product","2":"type-product","3":"status-publish","4":"has-post-thumbnail","6":"product_cat-lava","7":"product_cat-oval-tencereler","8":"product_cat-pisirme-grubu","9":"product_cat-sofra","11":"first","12":"instock","13":"taxable","14":"shipping-taxable","15":"purchasable","16":"product-type-simple"},"_links":{"self":[{"href":"https:\/\/www.zynety.com\/index.php?rest_route=\/wp\/v2\/product\/1517","targetHints":{"allow":["GET"]}}],"collection":[{"href":"https:\/\/www.zynety.com\/index.php?rest_route=\/wp\/v2\/product"}],"about":[{"href":"https:\/\/www.zynety.com\/index.php?rest_route=\/wp\/v2\/types\/product"}],"replies":[{"embeddable":true,"href":"https:\/\/www.zynety.com\/index.php?rest_route=%2Fwp%2Fv2%2Fcomments&post=1517"}],"wp:featuredmedia":[{"embeddable":true,"href":"https:\/\/www.zynety.com\/index.php?rest_route=\/wp\/v2\/media\/1518"}],"wp:attachment":[{"href":"https:\/\/www.zynety.com\/index.php?rest_route=%2Fwp%2Fv2%2Fmedia&parent=1517"}],"wp:term":[{"taxonomy":"product_brand","embeddable":true,"href":"https:\/\/www.zynety.com\/index.php?rest_route=%2Fwp%2Fv2%2Fproduct_brand&post=1517"},{"taxonomy":"product_cat","embeddable":true,"href":"https:\/\/www.zynety.com\/index.php?rest_route=%2Fwp%2Fv2%2Fproduct_cat&post=1517"},{"taxonomy":"product_tag","embeddable":true,"href":"https:\/\/www.zynety.com\/index.php?rest_route=%2Fwp%2Fv2%2Fproduct_tag&post=1517"}],"curies":[{"name":"wp","href":"https:\/\/api.w.org\/{rel}","templated":true}]}}