{"id":3908,"date":"2025-07-31T18:47:39","date_gmt":"2025-07-31T15:47:39","guid":{"rendered":"https:\/\/www.zynety.com\/?post_type=product&#038;p=3908"},"modified":"2026-03-24T16:43:00","modified_gmt":"2026-03-24T13:43:00","slug":"wise-lona-fincan-tabagi-12-cm-6li","status":"publish","type":"product","link":"https:\/\/www.zynety.com\/?product=wise-lona-fincan-tabagi-12-cm-6li","title":{"rendered":"Wise Lona Fincan Taba\u011f\u0131 12 cm &#8211; 6&#8217;l\u0131"},"content":{"rendered":"","protected":false},"excerpt":{"rendered":"<p>Marka: Id fine<\/p>\n","protected":false},"featured_media":3910,"comment_status":"open","ping_status":"closed","template":"","meta":[],"product_brand":[],"product_cat":[61,56,51,228],"product_tag":[],"class_list":{"0":"post-3908","1":"product","2":"type-product","3":"status-publish","4":"has-post-thumbnail","6":"product_cat-id-fine","7":"product_cat-porselen","8":"product_cat-sofra","9":"product_cat-wise","11":"first","12":"instock","13":"taxable","14":"shipping-taxable","15":"purchasable","16":"product-type-variable"},"_links":{"self":[{"href":"https:\/\/www.zynety.com\/index.php?rest_route=\/wp\/v2\/product\/3908","targetHints":{"allow":["GET"]}}],"collection":[{"href":"https:\/\/www.zynety.com\/index.php?rest_route=\/wp\/v2\/product"}],"about":[{"href":"https:\/\/www.zynety.com\/index.php?rest_route=\/wp\/v2\/types\/product"}],"replies":[{"embeddable":true,"href":"https:\/\/www.zynety.com\/index.php?rest_route=%2Fwp%2Fv2%2Fcomments&post=3908"}],"wp:featuredmedia":[{"embeddable":true,"href":"https:\/\/www.zynety.com\/index.php?rest_route=\/wp\/v2\/media\/3910"}],"wp:attachment":[{"href":"https:\/\/www.zynety.com\/index.php?rest_route=%2Fwp%2Fv2%2Fmedia&parent=3908"}],"wp:term":[{"taxonomy":"product_brand","embeddable":true,"href":"https:\/\/www.zynety.com\/index.php?rest_route=%2Fwp%2Fv2%2Fproduct_brand&post=3908"},{"taxonomy":"product_cat","embeddable":true,"href":"https:\/\/www.zynety.com\/index.php?rest_route=%2Fwp%2Fv2%2Fproduct_cat&post=3908"},{"taxonomy":"product_tag","embeddable":true,"href":"https:\/\/www.zynety.com\/index.php?rest_route=%2Fwp%2Fv2%2Fproduct_tag&post=3908"}],"curies":[{"name":"wp","href":"https:\/\/api.w.org\/{rel}","templated":true}]}}