{"id":5148,"date":"2025-08-09T17:29:49","date_gmt":"2025-08-09T14:29:49","guid":{"rendered":"https:\/\/www.zynety.com\/?post_type=product&#038;p=5148"},"modified":"2026-03-24T16:40:57","modified_gmt":"2026-03-24T13:40:57","slug":"rivus-ethnic-gourmet-kahve-fincan-tabagi-16-cm-6li","status":"publish","type":"product","link":"https:\/\/www.zynety.com\/?product=rivus-ethnic-gourmet-kahve-fincan-tabagi-16-cm-6li","title":{"rendered":"Rivus Ethnic Gourmet Kahve Fincan Taba\u011f\u0131 16 cm &#8211; 6&#8217;l\u0131"},"content":{"rendered":"","protected":false},"excerpt":{"rendered":"","protected":false},"featured_media":5150,"comment_status":"open","ping_status":"closed","template":"","meta":[],"product_brand":[],"product_cat":[60,56,302,51],"product_tag":[],"class_list":{"0":"post-5148","1":"product","2":"type-product","3":"status-publish","4":"has-post-thumbnail","6":"product_cat-bonna-premium-porselen","7":"product_cat-porselen","8":"product_cat-rivus","9":"product_cat-sofra","11":"first","12":"instock","13":"taxable","14":"shipping-taxable","15":"purchasable","16":"product-type-variable"},"_links":{"self":[{"href":"https:\/\/www.zynety.com\/index.php?rest_route=\/wp\/v2\/product\/5148","targetHints":{"allow":["GET"]}}],"collection":[{"href":"https:\/\/www.zynety.com\/index.php?rest_route=\/wp\/v2\/product"}],"about":[{"href":"https:\/\/www.zynety.com\/index.php?rest_route=\/wp\/v2\/types\/product"}],"replies":[{"embeddable":true,"href":"https:\/\/www.zynety.com\/index.php?rest_route=%2Fwp%2Fv2%2Fcomments&post=5148"}],"wp:featuredmedia":[{"embeddable":true,"href":"https:\/\/www.zynety.com\/index.php?rest_route=\/wp\/v2\/media\/5150"}],"wp:attachment":[{"href":"https:\/\/www.zynety.com\/index.php?rest_route=%2Fwp%2Fv2%2Fmedia&parent=5148"}],"wp:term":[{"taxonomy":"product_brand","embeddable":true,"href":"https:\/\/www.zynety.com\/index.php?rest_route=%2Fwp%2Fv2%2Fproduct_brand&post=5148"},{"taxonomy":"product_cat","embeddable":true,"href":"https:\/\/www.zynety.com\/index.php?rest_route=%2Fwp%2Fv2%2Fproduct_cat&post=5148"},{"taxonomy":"product_tag","embeddable":true,"href":"https:\/\/www.zynety.com\/index.php?rest_route=%2Fwp%2Fv2%2Fproduct_tag&post=5148"}],"curies":[{"name":"wp","href":"https:\/\/api.w.org\/{rel}","templated":true}]}}