{"id":7200,"date":"2025-10-21T18:01:35","date_gmt":"2025-10-21T15:01:35","guid":{"rendered":"https:\/\/www.zynety.com\/?post_type=product&#038;p=7200"},"modified":"2026-03-24T16:31:02","modified_gmt":"2026-03-24T13:31:02","slug":"helix-kaldi-duz-tabak-rolyefsiz-16-cm-6li","status":"publish","type":"product","link":"https:\/\/www.zynety.com\/?product=helix-kaldi-duz-tabak-rolyefsiz-16-cm-6li","title":{"rendered":"Helix Kaldi D\u00fcz Tabak R\u00f6lyefsiz 16 cm &#8211; 6&#8217;l\u0131"},"content":{"rendered":"","protected":false},"excerpt":{"rendered":"","protected":false},"featured_media":7202,"comment_status":"open","ping_status":"closed","template":"","meta":[],"product_brand":[],"product_cat":[62,256,56,51],"product_tag":[],"class_list":{"0":"post-7200","1":"product","2":"type-product","3":"status-publish","4":"has-post-thumbnail","6":"product_cat-by-bone","7":"product_cat-helix-kaldi","8":"product_cat-porselen","9":"product_cat-sofra","11":"first","12":"instock","13":"taxable","14":"shipping-taxable","15":"purchasable","16":"product-type-variable"},"_links":{"self":[{"href":"https:\/\/www.zynety.com\/index.php?rest_route=\/wp\/v2\/product\/7200","targetHints":{"allow":["GET"]}}],"collection":[{"href":"https:\/\/www.zynety.com\/index.php?rest_route=\/wp\/v2\/product"}],"about":[{"href":"https:\/\/www.zynety.com\/index.php?rest_route=\/wp\/v2\/types\/product"}],"replies":[{"embeddable":true,"href":"https:\/\/www.zynety.com\/index.php?rest_route=%2Fwp%2Fv2%2Fcomments&post=7200"}],"wp:featuredmedia":[{"embeddable":true,"href":"https:\/\/www.zynety.com\/index.php?rest_route=\/wp\/v2\/media\/7202"}],"wp:attachment":[{"href":"https:\/\/www.zynety.com\/index.php?rest_route=%2Fwp%2Fv2%2Fmedia&parent=7200"}],"wp:term":[{"taxonomy":"product_brand","embeddable":true,"href":"https:\/\/www.zynety.com\/index.php?rest_route=%2Fwp%2Fv2%2Fproduct_brand&post=7200"},{"taxonomy":"product_cat","embeddable":true,"href":"https:\/\/www.zynety.com\/index.php?rest_route=%2Fwp%2Fv2%2Fproduct_cat&post=7200"},{"taxonomy":"product_tag","embeddable":true,"href":"https:\/\/www.zynety.com\/index.php?rest_route=%2Fwp%2Fv2%2Fproduct_tag&post=7200"}],"curies":[{"name":"wp","href":"https:\/\/api.w.org\/{rel}","templated":true}]}}