{"id":8722,"date":"2025-11-24T16:43:33","date_gmt":"2025-11-24T13:43:33","guid":{"rendered":"https:\/\/www.zynety.com\/?post_type=product&#038;p=8722"},"modified":"2026-03-24T16:27:29","modified_gmt":"2026-03-24T13:27:29","slug":"900-seri-kuzine-firinli-elektrikli-4-kare-plate-809085","status":"publish","type":"product","link":"https:\/\/www.zynety.com\/?product=900-seri-kuzine-firinli-elektrikli-4-kare-plate-809085","title":{"rendered":"900 SER\u0130 KUZ\u0130NE FIRINLI ELEKTR\u0130KL\u0130 4 KARE PLATE 80*90*85"},"content":{"rendered":"","protected":false},"excerpt":{"rendered":"","protected":false},"featured_media":8723,"comment_status":"open","ping_status":"closed","template":"","meta":[],"product_brand":[],"product_cat":[320,312,313],"product_tag":[],"class_list":{"0":"post-8722","1":"product","2":"type-product","3":"status-publish","4":"has-post-thumbnail","6":"product_cat-900-seri","7":"product_cat-endustriyel-mutfak","8":"product_cat-oztiryakiler","10":"first","11":"instock","12":"taxable","13":"shipping-taxable","14":"purchasable","15":"product-type-simple"},"_links":{"self":[{"href":"https:\/\/www.zynety.com\/index.php?rest_route=\/wp\/v2\/product\/8722","targetHints":{"allow":["GET"]}}],"collection":[{"href":"https:\/\/www.zynety.com\/index.php?rest_route=\/wp\/v2\/product"}],"about":[{"href":"https:\/\/www.zynety.com\/index.php?rest_route=\/wp\/v2\/types\/product"}],"replies":[{"embeddable":true,"href":"https:\/\/www.zynety.com\/index.php?rest_route=%2Fwp%2Fv2%2Fcomments&post=8722"}],"wp:featuredmedia":[{"embeddable":true,"href":"https:\/\/www.zynety.com\/index.php?rest_route=\/wp\/v2\/media\/8723"}],"wp:attachment":[{"href":"https:\/\/www.zynety.com\/index.php?rest_route=%2Fwp%2Fv2%2Fmedia&parent=8722"}],"wp:term":[{"taxonomy":"product_brand","embeddable":true,"href":"https:\/\/www.zynety.com\/index.php?rest_route=%2Fwp%2Fv2%2Fproduct_brand&post=8722"},{"taxonomy":"product_cat","embeddable":true,"href":"https:\/\/www.zynety.com\/index.php?rest_route=%2Fwp%2Fv2%2Fproduct_cat&post=8722"},{"taxonomy":"product_tag","embeddable":true,"href":"https:\/\/www.zynety.com\/index.php?rest_route=%2Fwp%2Fv2%2Fproduct_tag&post=8722"}],"curies":[{"name":"wp","href":"https:\/\/api.w.org\/{rel}","templated":true}]}}