{"id":8730,"date":"2025-11-24T16:52:26","date_gmt":"2025-11-24T13:52:26","guid":{"rendered":"https:\/\/www.zynety.com\/?post_type=product&#038;p=8730"},"modified":"2026-03-24T16:27:28","modified_gmt":"2026-03-24T13:27:28","slug":"900-seri-set-ustu-dortlu-ocak-elektrikli-809030","status":"publish","type":"product","link":"https:\/\/www.zynety.com\/?product=900-seri-set-ustu-dortlu-ocak-elektrikli-809030","title":{"rendered":"900 SER\u0130 SET \u00dcST\u00dc D\u00d6RTL\u00dc OCAK ELEKTR\u0130KL\u0130 80*90*30"},"content":{"rendered":"","protected":false},"excerpt":{"rendered":"","protected":false},"featured_media":8731,"comment_status":"open","ping_status":"closed","template":"","meta":[],"product_brand":[],"product_cat":[320,312,313],"product_tag":[],"class_list":{"0":"post-8730","1":"product","2":"type-product","3":"status-publish","4":"has-post-thumbnail","6":"product_cat-900-seri","7":"product_cat-endustriyel-mutfak","8":"product_cat-oztiryakiler","10":"first","11":"instock","12":"taxable","13":"shipping-taxable","14":"purchasable","15":"product-type-simple"},"_links":{"self":[{"href":"https:\/\/www.zynety.com\/index.php?rest_route=\/wp\/v2\/product\/8730","targetHints":{"allow":["GET"]}}],"collection":[{"href":"https:\/\/www.zynety.com\/index.php?rest_route=\/wp\/v2\/product"}],"about":[{"href":"https:\/\/www.zynety.com\/index.php?rest_route=\/wp\/v2\/types\/product"}],"replies":[{"embeddable":true,"href":"https:\/\/www.zynety.com\/index.php?rest_route=%2Fwp%2Fv2%2Fcomments&post=8730"}],"wp:featuredmedia":[{"embeddable":true,"href":"https:\/\/www.zynety.com\/index.php?rest_route=\/wp\/v2\/media\/8731"}],"wp:attachment":[{"href":"https:\/\/www.zynety.com\/index.php?rest_route=%2Fwp%2Fv2%2Fmedia&parent=8730"}],"wp:term":[{"taxonomy":"product_brand","embeddable":true,"href":"https:\/\/www.zynety.com\/index.php?rest_route=%2Fwp%2Fv2%2Fproduct_brand&post=8730"},{"taxonomy":"product_cat","embeddable":true,"href":"https:\/\/www.zynety.com\/index.php?rest_route=%2Fwp%2Fv2%2Fproduct_cat&post=8730"},{"taxonomy":"product_tag","embeddable":true,"href":"https:\/\/www.zynety.com\/index.php?rest_route=%2Fwp%2Fv2%2Fproduct_tag&post=8730"}],"curies":[{"name":"wp","href":"https:\/\/api.w.org\/{rel}","templated":true}]}}