{"id":9182,"date":"2025-11-26T13:45:38","date_gmt":"2025-11-26T10:45:38","guid":{"rendered":"https:\/\/www.zynety.com\/?post_type=product&#038;p=9182"},"modified":"2026-03-24T16:26:33","modified_gmt":"2026-03-24T13:26:33","slug":"remta-elegance-model-buz-sogutuculu-dispenser","status":"publish","type":"product","link":"https:\/\/www.zynety.com\/?product=remta-elegance-model-buz-sogutuculu-dispenser","title":{"rendered":"Remta Elegance Model Buz So\u011futuculu Dispenser"},"content":{"rendered":"","protected":false},"excerpt":{"rendered":"<p>\u2022 K\u0131r\u0131lmaya dayan\u0131kl\u0131, 6 lt polikarbon hazne.<br \/>\n\u2022 \u00c7\u0131kar\u0131labilen hazne sayesinde kolay temizlik.<br \/>\n\u2022 18\/10 Krom nikel altl\u0131k.<br \/>\n\u2022 Damlatmayan \u00f6zel tasarlanm\u0131\u015f \u00e7elik musluk.<br \/>\n\u2022 \u0130\u00e7ece\u011finizi 3-4 saat so\u011fuk tutacak \u00e7elik buzluk.<\/p>\n<p><strong>\u00dcr\u00fcn \u00d6l\u00e7\u00fcleri:<\/strong>\u00a0305x275x510mm<br \/>\n<strong>A\u011f\u0131rl\u0131k:<\/strong>\u00a03 kg<br \/>\n<strong>Kapasite:<\/strong>\u00a06 lt<\/p>\n","protected":false},"featured_media":9183,"comment_status":"open","ping_status":"closed","template":"","meta":[],"product_brand":[],"product_cat":[312,314,323],"product_tag":[],"class_list":{"0":"post-9182","1":"product","2":"type-product","3":"status-publish","4":"has-post-thumbnail","6":"product_cat-endustriyel-mutfak","7":"product_cat-remta","8":"product_cat-sogutucular","10":"first","11":"instock","12":"taxable","13":"shipping-taxable","14":"purchasable","15":"product-type-simple"},"_links":{"self":[{"href":"https:\/\/www.zynety.com\/index.php?rest_route=\/wp\/v2\/product\/9182","targetHints":{"allow":["GET"]}}],"collection":[{"href":"https:\/\/www.zynety.com\/index.php?rest_route=\/wp\/v2\/product"}],"about":[{"href":"https:\/\/www.zynety.com\/index.php?rest_route=\/wp\/v2\/types\/product"}],"replies":[{"embeddable":true,"href":"https:\/\/www.zynety.com\/index.php?rest_route=%2Fwp%2Fv2%2Fcomments&post=9182"}],"wp:featuredmedia":[{"embeddable":true,"href":"https:\/\/www.zynety.com\/index.php?rest_route=\/wp\/v2\/media\/9183"}],"wp:attachment":[{"href":"https:\/\/www.zynety.com\/index.php?rest_route=%2Fwp%2Fv2%2Fmedia&parent=9182"}],"wp:term":[{"taxonomy":"product_brand","embeddable":true,"href":"https:\/\/www.zynety.com\/index.php?rest_route=%2Fwp%2Fv2%2Fproduct_brand&post=9182"},{"taxonomy":"product_cat","embeddable":true,"href":"https:\/\/www.zynety.com\/index.php?rest_route=%2Fwp%2Fv2%2Fproduct_cat&post=9182"},{"taxonomy":"product_tag","embeddable":true,"href":"https:\/\/www.zynety.com\/index.php?rest_route=%2Fwp%2Fv2%2Fproduct_tag&post=9182"}],"curies":[{"name":"wp","href":"https:\/\/api.w.org\/{rel}","templated":true}]}}